{"id":288,"date":"2025-09-08T15:45:06","date_gmt":"2025-09-08T15:45:06","guid":{"rendered":"https:\/\/hpcncc.vilniustech.lt\/?page_id=288"},"modified":"2025-09-09T10:20:05","modified_gmt":"2025-09-09T10:20:05","slug":"kvantinio-ir-lygiagreciojo-programavimo-mokymai","status":"publish","type":"page","link":"https:\/\/hpcncc.vilniustech.lt\/?page_id=288","title":{"rendered":"Kvantinio ir lygiagre\u010diojo programavimo mokymai"},"content":{"rendered":"\n<p>Gerbiami akademin\u0117s bendruomen\u0117s atstovai,<\/p>\n\n\n\n<p>Kvie\u010diame Jus \u012f \u201e<strong>Kvantinio ir lygiagre\u010diojo programavimo mokymus<\/strong>\u201c (Quantum and parallel programming training). Mokymai yra dalis EuroCC 2 projekto \u2013 iniciatyvos, kurios tikslas yra pad\u0117ti \u012fmon\u0117ms ir akademin\u0117ms institucijoms \u012fgyvendinti naujausias technologines tendencijas ir inovacijas.<\/p>\n\n\n\n<p>1 dalis (8:30-10:00): Groverio kvantinio paie\u0161kos algoritmo realizavimas ir rezultatai.<\/p>\n\n\n\n<p>Laboratoriniame darbe i\u0161moksite realizuoti Groverio kvantin\u012f paie\u0161kos algoritm\u0105. Paleisti kod\u0105 kvantini\u0173 skai\u010diavim\u0173 simuliatoriuje ir i\u0161analizuoti gautus rezultatus.<\/p>\n\n\n\n<p>Kavos pertrauk\u0117l\u0117 (10:00-10:30). Laisvoji diskusija.<\/p>\n\n\n\n<p>2 dalis (10:30-12:00): Lygiagre\u010diojo programavimo pagrindai ir pavyzd\u017eiai.<\/p>\n\n\n\n<p>\u0160ioje dalyje susipa\u017einsite su lygiagre\u010diojo programavimo pagrindais, i\u0161moksite atlikti lygiagre\u010diuosius skai\u010diavimus tipiniame HPC klasteryje panaudojant procesoriaus branduolius (CPU cores) ir mazgus (nodes).<\/p>\n\n\n\n<p>Praktin\u0117je dalyje reikia tur\u0117ti ne\u0161iojam\u0105 kompiuter\u012f su internetiniu ry\u0161iu.<\/p>\n\n\n\n<p><strong>Registracija b\u016btina<\/strong>:&nbsp;<a href=\"https:\/\/forms.cloud.microsoft\/Pages\/ResponsePage.aspx?id=dUT1mQ4eEUmk8E7qpKYggBU2lQVVzGxCqQRh6k_e3g1UQ0JMTjUwQzlBUDFDR0NTQ1RJRTNRQTdFRS4u\">Registracija<\/a><\/p>\n\n\n\n<p>Laukiame J\u016bs\u0173!<\/p>\n\n\n\n<p>Renginio vieta:&nbsp;<strong>Vilniaus Gedimino technikos<\/strong>&nbsp;<strong>universitetas<\/strong>, S2(SRA-I) A02, Saul\u0117tekio al. 11, Vilnius<\/p>\n\n\n\n<p>Renginio laikas:\u00a0<strong>Rugs\u0117jo 30 d, 8:15-12:00.<\/strong><\/p>\n","protected":false},"excerpt":{"rendered":"<p>Gerbiami akademin\u0117s bendruomen\u0117s atstovai, Kvie\u010diame Jus \u012f \u201eKvantinio ir lygiagre\u010diojo programavimo mokymus\u201c (Quantum and parallel programming training). Mokymai yra dalis EuroCC 2 projekto \u2013 iniciatyvos, kurios tikslas yra pad\u0117ti \u012fmon\u0117ms ir akademin\u0117ms institucijoms \u012fgyvendinti naujausias technologines tendencijas ir inovacijas. 1 dalis (8:30-10:00): Groverio kvantinio paie\u0161kos algoritmo realizavimas ir rezultatai. Laboratoriniame darbe i\u0161moksite realizuoti Groverio kvantin\u012f &hellip;<\/p>\n<p class=\"read-more\"> <a class=\"\" href=\"https:\/\/hpcncc.vilniustech.lt\/?page_id=288\"> <span class=\"screen-reader-text\">Kvantinio ir lygiagre\u010diojo programavimo mokymai<\/span> Skaityti daugiau &raquo;<\/a><\/p>\n","protected":false},"author":1,"featured_media":0,"parent":0,"menu_order":0,"comment_status":"closed","ping_status":"closed","template":"","meta":{"site-sidebar-layout":"default","site-content-layout":"","ast-site-content-layout":"","site-content-style":"default","site-sidebar-style":"default","ast-global-header-display":"","ast-banner-title-visibility":"","ast-main-header-display":"","ast-hfb-above-header-display":"","ast-hfb-below-header-display":"","ast-hfb-mobile-header-display":"","site-post-title":"","ast-breadcrumbs-content":"","ast-featured-img":"","footer-sml-layout":"","theme-transparent-header-meta":"","adv-header-id-meta":"","stick-header-meta":"","header-above-stick-meta":"","header-main-stick-meta":"","header-below-stick-meta":"","astra-migrate-meta-layouts":"default","ast-page-background-enabled":"default","ast-page-background-meta":{"desktop":{"background-color":"var(--ast-global-color-4)","background-image":"","background-repeat":"repeat","background-position":"center center","background-size":"auto","background-attachment":"scroll","background-type":"","background-media":"","overlay-type":"","overlay-color":"","overlay-gradient":""},"tablet":{"background-color":"","background-image":"","background-repeat":"repeat","background-position":"center center","background-size":"auto","background-attachment":"scroll","background-type":"","background-media":"","overlay-type":"","overlay-color":"","overlay-gradient":""},"mobile":{"background-color":"","background-image":"","background-repeat":"repeat","background-position":"center center","background-size":"auto","background-attachment":"scroll","background-type":"","background-media":"","overlay-type":"","overlay-color":"","overlay-gradient":""}},"ast-content-background-meta":{"desktop":{"background-color":"var(--ast-global-color-5)","background-image":"","background-repeat":"repeat","background-position":"center center","background-size":"auto","background-attachment":"scroll","background-type":"","background-media":"","overlay-type":"","overlay-color":"","overlay-gradient":""},"tablet":{"background-color":"var(--ast-global-color-5)","background-image":"","background-repeat":"repeat","background-position":"center center","background-size":"auto","background-attachment":"scroll","background-type":"","background-media":"","overlay-type":"","overlay-color":"","overlay-gradient":""},"mobile":{"background-color":"var(--ast-global-color-5)","background-image":"","background-repeat":"repeat","background-position":"center center","background-size":"auto","background-attachment":"scroll","background-type":"","background-media":"","overlay-type":"","overlay-color":"","overlay-gradient":""}},"footnotes":""},"class_list":["post-288","page","type-page","status-publish","hentry"],"_links":{"self":[{"href":"https:\/\/hpcncc.vilniustech.lt\/index.php?rest_route=\/wp\/v2\/pages\/288","targetHints":{"allow":["GET"]}}],"collection":[{"href":"https:\/\/hpcncc.vilniustech.lt\/index.php?rest_route=\/wp\/v2\/pages"}],"about":[{"href":"https:\/\/hpcncc.vilniustech.lt\/index.php?rest_route=\/wp\/v2\/types\/page"}],"author":[{"embeddable":true,"href":"https:\/\/hpcncc.vilniustech.lt\/index.php?rest_route=\/wp\/v2\/users\/1"}],"replies":[{"embeddable":true,"href":"https:\/\/hpcncc.vilniustech.lt\/index.php?rest_route=%2Fwp%2Fv2%2Fcomments&post=288"}],"version-history":[{"count":2,"href":"https:\/\/hpcncc.vilniustech.lt\/index.php?rest_route=\/wp\/v2\/pages\/288\/revisions"}],"predecessor-version":[{"id":292,"href":"https:\/\/hpcncc.vilniustech.lt\/index.php?rest_route=\/wp\/v2\/pages\/288\/revisions\/292"}],"wp:attachment":[{"href":"https:\/\/hpcncc.vilniustech.lt\/index.php?rest_route=%2Fwp%2Fv2%2Fmedia&parent=288"}],"curies":[{"name":"wp","href":"https:\/\/api.w.org\/{rel}","templated":true}]}}