{"id":243,"date":"2024-11-18T05:19:57","date_gmt":"2024-11-18T05:19:57","guid":{"rendered":"https:\/\/hpcncc.vilniustech.lt\/?page_id=243"},"modified":"2025-04-19T03:41:01","modified_gmt":"2025-04-19T03:41:01","slug":"auksto-nasumo-skaiciavimai-dirbtiniam-intelektui-konsultaciju-diena","status":"publish","type":"page","link":"https:\/\/hpcncc.vilniustech.lt\/?page_id=243","title":{"rendered":"Auk\u0161to na\u0161umo skai\u010diavimai dirbtiniam intelektui. Konsultacij\u0173 diena."},"content":{"rendered":"\n<p>Gerbiami \u012fmoni\u0173 ir akademijos atstovai,<\/p>\n\n\n\n<p>Na\u0161i\u0173j\u0173 skai\u010diavim\u0173 (HPC) ir dirbtinio intelekto (DI) technologijos tampa nepakei\u010diamos sprend\u017eiant sud\u0117tingus duomen\u0173 analiz\u0117s u\u017edavinius, didinant efektyvum\u0105 ir skatinant inovacijas. \u0160ios technologijos jau pasiekiamos ir Lietuvoje!<\/p>\n\n\n\n<p>Kvie\u010diame registruotis \u012f <strong>individualias konsultacijas<\/strong>, skirtas tiek \u012fmon\u0117ms, tiek akademinei bendruomenei. Konsultacij\u0173 metu aptarsime, kaip HPC ir DI galimyb\u0117s gali pad\u0117ti spr\u0119sti j\u016bs\u0173 veiklos i\u0161\u0161\u016bkius, tobulinti procesus ir didinti konkurencingum\u0105.<\/p>\n\n\n\n<p>\u0160ios konsultacijos yra dalis <strong>EuroCC 2 projekto<\/strong> \u2013 iniciatyvos, kurios tikslas yra pad\u0117ti \u012fmon\u0117ms ir akademin\u0117ms institucijoms \u012fgyvendinti naujausias technologines tendencijas ir inovacijas. Nepraleiskite galimyb\u0117s su\u017einoti, kaip HPC ir DI gali pad\u0117ti augti ir tobul\u0117ti!<\/p>\n\n\n\n<p><strong>Registracija b\u016btina<\/strong> \u2013 u\u017esiregistravus mes susisieksime su jumis ir individualiai suplanuosime laik\u0105 bei konsultacijos turin\u012f, pritaikyt\u0105 j\u016bs\u0173 poreikiams.<\/p>\n\n\n\n<p><a href=\"https:\/\/forms.office.com\/Pages\/ResponsePage.aspx?id=dUT1mQ4eEUmk8E7qpKYggBU2lQVVzGxCqQRh6k_e3g1UQkdGOVUyN1MxSFpPTEVOS1kyR0pFN1FZTy4u\">Registracija<\/a><\/p>\n\n\n\n<p>Laukiame j\u016bs\u0173!<\/p>\n\n\n\n<p>Renginio vieta: <strong>Vilniaus Gedimino technikos<\/strong> <strong>universitetas<\/strong>, S6 (SRL-I) 404A, Saul\u0117tekio al. 11, Vilnius<br>Renginio laikas: <strong>Gruod\u017eio 18d, 10:00-15:00<\/strong><\/p>\n\n\n\n<p><\/p>\n\n\n\n<p><\/p>\n","protected":false},"excerpt":{"rendered":"<p>Gerbiami \u012fmoni\u0173 ir akademijos atstovai, Na\u0161i\u0173j\u0173 skai\u010diavim\u0173 (HPC) ir dirbtinio intelekto (DI) technologijos tampa nepakei\u010diamos sprend\u017eiant sud\u0117tingus duomen\u0173 analiz\u0117s u\u017edavinius, didinant efektyvum\u0105 ir skatinant inovacijas. \u0160ios technologijos jau pasiekiamos ir Lietuvoje! Kvie\u010diame registruotis \u012f individualias konsultacijas, skirtas tiek \u012fmon\u0117ms, tiek akademinei bendruomenei. Konsultacij\u0173 metu aptarsime, kaip HPC ir DI galimyb\u0117s gali pad\u0117ti spr\u0119sti j\u016bs\u0173 veiklos &hellip;<\/p>\n<p class=\"read-more\"> <a class=\"\" href=\"https:\/\/hpcncc.vilniustech.lt\/?page_id=243\"> <span class=\"screen-reader-text\">Auk\u0161to na\u0161umo skai\u010diavimai dirbtiniam intelektui. Konsultacij\u0173 diena.<\/span> Skaityti daugiau &raquo;<\/a><\/p>\n","protected":false},"author":1,"featured_media":0,"parent":0,"menu_order":0,"comment_status":"closed","ping_status":"closed","template":"","meta":{"site-sidebar-layout":"default","site-content-layout":"","ast-site-content-layout":"","site-content-style":"default","site-sidebar-style":"default","ast-global-header-display":"","ast-banner-title-visibility":"","ast-main-header-display":"","ast-hfb-above-header-display":"","ast-hfb-below-header-display":"","ast-hfb-mobile-header-display":"","site-post-title":"","ast-breadcrumbs-content":"","ast-featured-img":"","footer-sml-layout":"","theme-transparent-header-meta":"","adv-header-id-meta":"","stick-header-meta":"","header-above-stick-meta":"","header-main-stick-meta":"","header-below-stick-meta":"","astra-migrate-meta-layouts":"default","ast-page-background-enabled":"default","ast-page-background-meta":{"desktop":{"background-color":"var(--ast-global-color-4)","background-image":"","background-repeat":"repeat","background-position":"center center","background-size":"auto","background-attachment":"scroll","background-type":"","background-media":"","overlay-type":"","overlay-color":"","overlay-gradient":""},"tablet":{"background-color":"","background-image":"","background-repeat":"repeat","background-position":"center center","background-size":"auto","background-attachment":"scroll","background-type":"","background-media":"","overlay-type":"","overlay-color":"","overlay-gradient":""},"mobile":{"background-color":"","background-image":"","background-repeat":"repeat","background-position":"center center","background-size":"auto","background-attachment":"scroll","background-type":"","background-media":"","overlay-type":"","overlay-color":"","overlay-gradient":""}},"ast-content-background-meta":{"desktop":{"background-color":"var(--ast-global-color-5)","background-image":"","background-repeat":"repeat","background-position":"center center","background-size":"auto","background-attachment":"scroll","background-type":"","background-media":"","overlay-type":"","overlay-color":"","overlay-gradient":""},"tablet":{"background-color":"var(--ast-global-color-5)","background-image":"","background-repeat":"repeat","background-position":"center center","background-size":"auto","background-attachment":"scroll","background-type":"","background-media":"","overlay-type":"","overlay-color":"","overlay-gradient":""},"mobile":{"background-color":"var(--ast-global-color-5)","background-image":"","background-repeat":"repeat","background-position":"center center","background-size":"auto","background-attachment":"scroll","background-type":"","background-media":"","overlay-type":"","overlay-color":"","overlay-gradient":""}},"footnotes":""},"class_list":["post-243","page","type-page","status-publish","hentry"],"_links":{"self":[{"href":"https:\/\/hpcncc.vilniustech.lt\/index.php?rest_route=\/wp\/v2\/pages\/243","targetHints":{"allow":["GET"]}}],"collection":[{"href":"https:\/\/hpcncc.vilniustech.lt\/index.php?rest_route=\/wp\/v2\/pages"}],"about":[{"href":"https:\/\/hpcncc.vilniustech.lt\/index.php?rest_route=\/wp\/v2\/types\/page"}],"author":[{"embeddable":true,"href":"https:\/\/hpcncc.vilniustech.lt\/index.php?rest_route=\/wp\/v2\/users\/1"}],"replies":[{"embeddable":true,"href":"https:\/\/hpcncc.vilniustech.lt\/index.php?rest_route=%2Fwp%2Fv2%2Fcomments&post=243"}],"version-history":[{"count":5,"href":"https:\/\/hpcncc.vilniustech.lt\/index.php?rest_route=\/wp\/v2\/pages\/243\/revisions"}],"predecessor-version":[{"id":266,"href":"https:\/\/hpcncc.vilniustech.lt\/index.php?rest_route=\/wp\/v2\/pages\/243\/revisions\/266"}],"wp:attachment":[{"href":"https:\/\/hpcncc.vilniustech.lt\/index.php?rest_route=%2Fwp%2Fv2%2Fmedia&parent=243"}],"curies":[{"name":"wp","href":"https:\/\/api.w.org\/{rel}","templated":true}]}}