{"id":216,"date":"2024-04-23T04:41:18","date_gmt":"2024-04-23T04:41:18","guid":{"rendered":"https:\/\/hpcncc.vilniustech.lt\/?page_id=216"},"modified":"2025-12-13T10:07:01","modified_gmt":"2025-12-13T10:07:01","slug":"projektas","status":"publish","type":"page","link":"https:\/\/hpcncc.vilniustech.lt\/?page_id=216","title":{"rendered":"Projektas"},"content":{"rendered":"\n<p>Vilniaus universitetas (Fizikos fakultetas ir Matematikos ir informatikos fakultetas) kartu su partneriais Kauno technologijos universitetu, Vilniaus Gedimino technikos universitetu, Lietuvos hidrometeorologijos tarnyba prie Aplinkos ministerijos \u012fgyvendina projekt\u0105 \u201eNacionalinio EuroHPC partneryst\u0117s kompetencijos centro veikl\u0173 \u012fgyvendinimas\u201c.<\/p>\n\n\n\n<p>Projekto tikslas \u2013 stiprinti superkompiuteri\u0173 (HPC), didelio na\u0161umo duomen\u0173 apdorojimo (HPDA) ir dirbtinio intelekto (AI) kompetencijas Lietuvoje, skatinti j\u0173 panaudojim\u0105 pramon\u0117s sektoriuje ir moksliniuose tyrimuose bei pl\u0117toti tarpdisciplinines bendradarbiavimo galimybes tarp universitet\u0173, \u012fmoni\u0173 ir vald\u017eios institucij\u0173.<\/p>\n\n\n\n<p>Projekto trukm\u0117 \u2013 nuo 2023 01 01 iki 2026 03 31. Bendra projekto vert\u0117 \u2013 1 000 018,68 Eur.<\/p>\n\n\n\n<p>Projektas bendrai finansuojamas 2021\u20132027 met\u0173 ES fond\u0173 investicij\u0173 programos (sutartis Nr. 10-051-P-0001) ir Europos na\u0161iosios kompiuterijos bendrosios \u012fmon\u0117s (sutartis Nr. 101101903) l\u0117\u0161omis.<\/p>\n\n\n\n<p>#MESkuriamES, #Esinvesticijos<\/p>\n\n\n\n<figure class=\"wp-block-image size-full\"><img loading=\"lazy\" decoding=\"async\" width=\"487\" height=\"112\" src=\"https:\/\/hpcncc.vilniustech.lt\/wp-content\/uploads\/2024\/04\/image.png\" alt=\"\" class=\"wp-image-217\" srcset=\"https:\/\/hpcncc.vilniustech.lt\/wp-content\/uploads\/2024\/04\/image.png 487w, https:\/\/hpcncc.vilniustech.lt\/wp-content\/uploads\/2024\/04\/image-300x69.png 300w\" sizes=\"auto, (max-width: 487px) 100vw, 487px\" \/><\/figure>\n\n\n\n<figure class=\"wp-block-image size-full\"><img loading=\"lazy\" decoding=\"async\" width=\"403\" height=\"110\" src=\"https:\/\/hpcncc.vilniustech.lt\/wp-content\/uploads\/2024\/04\/image-1.png\" alt=\"\" class=\"wp-image-218\" srcset=\"https:\/\/hpcncc.vilniustech.lt\/wp-content\/uploads\/2024\/04\/image-1.png 403w, https:\/\/hpcncc.vilniustech.lt\/wp-content\/uploads\/2024\/04\/image-1-300x82.png 300w\" sizes=\"auto, (max-width: 403px) 100vw, 403px\" \/><\/figure>\n","protected":false},"excerpt":{"rendered":"<p>Vilniaus universitetas (Fizikos fakultetas ir Matematikos ir informatikos fakultetas) kartu su partneriais Kauno technologijos universitetu, Vilniaus Gedimino technikos universitetu, Lietuvos hidrometeorologijos tarnyba prie Aplinkos ministerijos \u012fgyvendina projekt\u0105 \u201eNacionalinio EuroHPC partneryst\u0117s kompetencijos centro veikl\u0173 \u012fgyvendinimas\u201c. Projekto tikslas \u2013 stiprinti superkompiuteri\u0173 (HPC), didelio na\u0161umo duomen\u0173 apdorojimo (HPDA) ir dirbtinio intelekto (AI) kompetencijas Lietuvoje, skatinti j\u0173 panaudojim\u0105 pramon\u0117s &hellip;<\/p>\n<p class=\"read-more\"> <a class=\"\" href=\"https:\/\/hpcncc.vilniustech.lt\/?page_id=216\"> <span class=\"screen-reader-text\">Projektas<\/span> Skaityti daugiau &raquo;<\/a><\/p>\n","protected":false},"author":1,"featured_media":0,"parent":0,"menu_order":0,"comment_status":"closed","ping_status":"closed","template":"","meta":{"site-sidebar-layout":"default","site-content-layout":"","ast-site-content-layout":"","site-content-style":"default","site-sidebar-style":"default","ast-global-header-display":"","ast-banner-title-visibility":"","ast-main-header-display":"","ast-hfb-above-header-display":"","ast-hfb-below-header-display":"","ast-hfb-mobile-header-display":"","site-post-title":"","ast-breadcrumbs-content":"","ast-featured-img":"","footer-sml-layout":"","theme-transparent-header-meta":"","adv-header-id-meta":"","stick-header-meta":"","header-above-stick-meta":"","header-main-stick-meta":"","header-below-stick-meta":"","astra-migrate-meta-layouts":"default","ast-page-background-enabled":"default","ast-page-background-meta":{"desktop":{"background-color":"var(--ast-global-color-4)","background-image":"","background-repeat":"repeat","background-position":"center center","background-size":"auto","background-attachment":"scroll","background-type":"","background-media":"","overlay-type":"","overlay-color":"","overlay-gradient":""},"tablet":{"background-color":"","background-image":"","background-repeat":"repeat","background-position":"center center","background-size":"auto","background-attachment":"scroll","background-type":"","background-media":"","overlay-type":"","overlay-color":"","overlay-gradient":""},"mobile":{"background-color":"","background-image":"","background-repeat":"repeat","background-position":"center center","background-size":"auto","background-attachment":"scroll","background-type":"","background-media":"","overlay-type":"","overlay-color":"","overlay-gradient":""}},"ast-content-background-meta":{"desktop":{"background-color":"var(--ast-global-color-5)","background-image":"","background-repeat":"repeat","background-position":"center center","background-size":"auto","background-attachment":"scroll","background-type":"","background-media":"","overlay-type":"","overlay-color":"","overlay-gradient":""},"tablet":{"background-color":"var(--ast-global-color-5)","background-image":"","background-repeat":"repeat","background-position":"center center","background-size":"auto","background-attachment":"scroll","background-type":"","background-media":"","overlay-type":"","overlay-color":"","overlay-gradient":""},"mobile":{"background-color":"var(--ast-global-color-5)","background-image":"","background-repeat":"repeat","background-position":"center center","background-size":"auto","background-attachment":"scroll","background-type":"","background-media":"","overlay-type":"","overlay-color":"","overlay-gradient":""}},"footnotes":""},"class_list":["post-216","page","type-page","status-publish","hentry"],"_links":{"self":[{"href":"https:\/\/hpcncc.vilniustech.lt\/index.php?rest_route=\/wp\/v2\/pages\/216","targetHints":{"allow":["GET"]}}],"collection":[{"href":"https:\/\/hpcncc.vilniustech.lt\/index.php?rest_route=\/wp\/v2\/pages"}],"about":[{"href":"https:\/\/hpcncc.vilniustech.lt\/index.php?rest_route=\/wp\/v2\/types\/page"}],"author":[{"embeddable":true,"href":"https:\/\/hpcncc.vilniustech.lt\/index.php?rest_route=\/wp\/v2\/users\/1"}],"replies":[{"embeddable":true,"href":"https:\/\/hpcncc.vilniustech.lt\/index.php?rest_route=%2Fwp%2Fv2%2Fcomments&post=216"}],"version-history":[{"count":2,"href":"https:\/\/hpcncc.vilniustech.lt\/index.php?rest_route=\/wp\/v2\/pages\/216\/revisions"}],"predecessor-version":[{"id":302,"href":"https:\/\/hpcncc.vilniustech.lt\/index.php?rest_route=\/wp\/v2\/pages\/216\/revisions\/302"}],"wp:attachment":[{"href":"https:\/\/hpcncc.vilniustech.lt\/index.php?rest_route=%2Fwp%2Fv2%2Fmedia&parent=216"}],"curies":[{"name":"wp","href":"https:\/\/api.w.org\/{rel}","templated":true}]}}