{"id":191,"date":"2023-12-20T08:48:15","date_gmt":"2023-12-20T08:48:15","guid":{"rendered":"https:\/\/hpcncc.vilniustech.lt\/?page_id=191"},"modified":"2023-12-20T08:48:15","modified_gmt":"2023-12-20T08:48:15","slug":"openmp-mpi","status":"publish","type":"page","link":"https:\/\/hpcncc.vilniustech.lt\/?page_id=191","title":{"rendered":"OpenMP\/MPI"},"content":{"rendered":"\n<p>OpenMP ir MPI yra du skirtingi paralelinio skai\u010diavimo modeliai, kurie suteikia mums galimyb\u0119 efektyviai paskirstyti skai\u010diavimus ir vykdyti sud\u0117tingas simuliacijas dideliu mastu.<\/p>\n\n\n\n<p>OpenMP yra dalies m\u016bs\u0173 kompetencij\u0173 dalis, leid\u017eianti vykdyti paralelin\u012f skai\u010diavim\u0105 viename kompiuteryje arba skai\u010diavimo resurse. Tai leid\u017eia mums efektyviau panaudoti daugelio branduoli\u0173 (cores) arba gij\u0173 (threads) potencial\u0105 viename kompiuteryje, padidinant skai\u010diavim\u0173 greit\u012f. \u0160is metodas yra naudingas simuliacijoms, kurias galima dalinti \u012f skirtingas dalis, leid\u017eiant vienam kompiuteriui efektyviai naudoti vis\u0105 savo turim\u0105 gali\u0105 skai\u010diavimams.<\/p>\n\n\n\n<p>Tuo tarpu MPI yra kitas paralelinio skai\u010diavimo modelis, kuris leid\u017eia mums paskirstyti skai\u010diavimus tarp skirting\u0173 kompiuteri\u0173 ar skai\u010diavimo resurs\u0173, leisdami jiems komunikuoti ir bendradarbiauti. Tai leid\u017eia atlikti skai\u010diavimus daugelyje skirting\u0173 kompiuteri\u0173, koordinuojant ir sinchronizuojant j\u0173 veiksmus, siekiant padidinti efektyvum\u0105 ir vykdyti sud\u0117tingas simuliacijas dideliu mastu.<\/p>\n\n\n\n<p>OpenMP ir MPI yra du skirtingi, bet labai svarb\u016bs \u012frankiai, leid\u017eiantys mums vykdyti skai\u010diavimus paraleliais b\u016bdais, kad b\u016bt\u0173 galima grei\u010diau ir efektyviau spr\u0119sti sud\u0117tingus in\u017einerinius u\u017edavinius. \u0160ie modeliai suteikia mums galimyb\u0119 i\u0161pl\u0117sti skai\u010diavim\u0173 galimybes, optimizuoti naudojamus resursus ir vykdyti simuliacijas kompleksi\u0161kai bei efektyviai.<\/p>\n\n\n\n<p><\/p>\n","protected":false},"excerpt":{"rendered":"<p>OpenMP ir MPI yra du skirtingi paralelinio skai\u010diavimo modeliai, kurie suteikia mums galimyb\u0119 efektyviai paskirstyti skai\u010diavimus ir vykdyti sud\u0117tingas simuliacijas dideliu mastu. OpenMP yra dalies m\u016bs\u0173 kompetencij\u0173 dalis, leid\u017eianti vykdyti paralelin\u012f skai\u010diavim\u0105 viename kompiuteryje arba skai\u010diavimo resurse. Tai leid\u017eia mums efektyviau panaudoti daugelio branduoli\u0173 (cores) arba gij\u0173 (threads) potencial\u0105 viename kompiuteryje, padidinant skai\u010diavim\u0173 greit\u012f. \u0160is &hellip;<\/p>\n<p class=\"read-more\"> <a class=\"\" href=\"https:\/\/hpcncc.vilniustech.lt\/?page_id=191\"> <span class=\"screen-reader-text\">OpenMP\/MPI<\/span> Skaityti daugiau &raquo;<\/a><\/p>\n","protected":false},"author":1,"featured_media":0,"parent":0,"menu_order":0,"comment_status":"closed","ping_status":"closed","template":"","meta":{"site-sidebar-layout":"default","site-content-layout":"","ast-site-content-layout":"","site-content-style":"default","site-sidebar-style":"default","ast-global-header-display":"","ast-banner-title-visibility":"","ast-main-header-display":"","ast-hfb-above-header-display":"","ast-hfb-below-header-display":"","ast-hfb-mobile-header-display":"","site-post-title":"","ast-breadcrumbs-content":"","ast-featured-img":"","footer-sml-layout":"","theme-transparent-header-meta":"","adv-header-id-meta":"","stick-header-meta":"","header-above-stick-meta":"","header-main-stick-meta":"","header-below-stick-meta":"","astra-migrate-meta-layouts":"default","ast-page-background-enabled":"default","ast-page-background-meta":{"desktop":{"background-color":"var(--ast-global-color-4)","background-image":"","background-repeat":"repeat","background-position":"center center","background-size":"auto","background-attachment":"scroll","background-type":"","background-media":"","overlay-type":"","overlay-color":"","overlay-gradient":""},"tablet":{"background-color":"","background-image":"","background-repeat":"repeat","background-position":"center center","background-size":"auto","background-attachment":"scroll","background-type":"","background-media":"","overlay-type":"","overlay-color":"","overlay-gradient":""},"mobile":{"background-color":"","background-image":"","background-repeat":"repeat","background-position":"center center","background-size":"auto","background-attachment":"scroll","background-type":"","background-media":"","overlay-type":"","overlay-color":"","overlay-gradient":""}},"ast-content-background-meta":{"desktop":{"background-color":"var(--ast-global-color-5)","background-image":"","background-repeat":"repeat","background-position":"center center","background-size":"auto","background-attachment":"scroll","background-type":"","background-media":"","overlay-type":"","overlay-color":"","overlay-gradient":""},"tablet":{"background-color":"var(--ast-global-color-5)","background-image":"","background-repeat":"repeat","background-position":"center center","background-size":"auto","background-attachment":"scroll","background-type":"","background-media":"","overlay-type":"","overlay-color":"","overlay-gradient":""},"mobile":{"background-color":"var(--ast-global-color-5)","background-image":"","background-repeat":"repeat","background-position":"center center","background-size":"auto","background-attachment":"scroll","background-type":"","background-media":"","overlay-type":"","overlay-color":"","overlay-gradient":""}},"footnotes":""},"class_list":["post-191","page","type-page","status-publish","hentry"],"_links":{"self":[{"href":"https:\/\/hpcncc.vilniustech.lt\/index.php?rest_route=\/wp\/v2\/pages\/191","targetHints":{"allow":["GET"]}}],"collection":[{"href":"https:\/\/hpcncc.vilniustech.lt\/index.php?rest_route=\/wp\/v2\/pages"}],"about":[{"href":"https:\/\/hpcncc.vilniustech.lt\/index.php?rest_route=\/wp\/v2\/types\/page"}],"author":[{"embeddable":true,"href":"https:\/\/hpcncc.vilniustech.lt\/index.php?rest_route=\/wp\/v2\/users\/1"}],"replies":[{"embeddable":true,"href":"https:\/\/hpcncc.vilniustech.lt\/index.php?rest_route=%2Fwp%2Fv2%2Fcomments&post=191"}],"version-history":[{"count":1,"href":"https:\/\/hpcncc.vilniustech.lt\/index.php?rest_route=\/wp\/v2\/pages\/191\/revisions"}],"predecessor-version":[{"id":192,"href":"https:\/\/hpcncc.vilniustech.lt\/index.php?rest_route=\/wp\/v2\/pages\/191\/revisions\/192"}],"wp:attachment":[{"href":"https:\/\/hpcncc.vilniustech.lt\/index.php?rest_route=%2Fwp%2Fv2%2Fmedia&parent=191"}],"curies":[{"name":"wp","href":"https:\/\/api.w.org\/{rel}","templated":true}]}}