{"id":181,"date":"2023-12-20T08:37:17","date_gmt":"2023-12-20T08:37:17","guid":{"rendered":"https:\/\/hpcncc.vilniustech.lt\/?page_id=181"},"modified":"2023-12-20T08:37:17","modified_gmt":"2023-12-20T08:37:17","slug":"kompetencijos","status":"publish","type":"page","link":"https:\/\/hpcncc.vilniustech.lt\/?page_id=181","title":{"rendered":"Kompetencijos"},"content":{"rendered":"\n<p>M\u016bs\u0173 kolektyve turime \u012fvairi\u0173 sri\u010di\u0173 \u017eini\u0173 ir kompetencij\u0173, kurios leid\u017eia mums giliai ir efektyviai tiriant \u012fvairius in\u017einerinius u\u017edavinius. Mes gebame:<\/p>\n\n\n\n<ol class=\"wp-block-list\">\n<li><strong>Modeliuoti Diskre\u010di\u0173j\u0173 Element\u0173 metodu (DEM):<\/strong> M\u016bs\u0173 kolektyvas yra sugebantis modeliuoti kiet\u0173j\u0173 daleli\u0173 s\u0105veik\u0105 ir elges\u012f, i\u0161samiai tyrin\u0117ti daleli\u0173 dinamik\u0105 ir deformacijas.<\/li>\n\n\n\n<li><strong>Dirbti su OpenFOAM:<\/strong> Mes esame patyr\u0119 naudodami OpenFOAM, leid\u017eian\u010di\u0105 atlikti sraut\u0173 dinamikos ir \u0161ilumos perdavimo simuliacijas, siekiant giliai suprasti sraut\u0173 elges\u012f.<\/li>\n\n\n\n<li><strong>Vizualizuoti naudojant ParaView:<\/strong> Turime geb\u0117jim\u0105 vizualizuoti ir interpretuoti modeliavimo rezultatus, naudodami ParaView, kad b\u016bt\u0173 lengviau suprasti duomen\u0173 sraut\u0105 ir dinamik\u0105.<\/li>\n\n\n\n<li><strong>Atlikti algoritm\u0173 i\u0161lyginim\u0105 naudojant MPI:<\/strong> M\u016bs\u0173 kompetencijos leid\u017eia paskirstyti skai\u010diavimus tarp skirting\u0173 kompiuteri\u0173 naudojant Message Passing Interface (MPI), kad b\u016bt\u0173 galima efektyviai vykdyti sud\u0117tingas simuliacijas.<\/li>\n\n\n\n<li><strong>Pagreitinti skai\u010diavimus naudojant GPU:<\/strong> Mes esame sugeban\u010dios naudoti GPU (Graphics Processing Unit) pagreitinimui, kad b\u016bt\u0173 padidintas skai\u010diavim\u0173 greitis, leid\u017eiantis efektyviau ir spar\u010diau vykdyti sud\u0117tingus u\u017edavinius.<\/li>\n<\/ol>\n\n\n\n<p>M\u016bs\u0173 kolektyvas su \u0161iomis \u012fvairiomis kompetencijomis yra paruo\u0161tas kompleksi\u0161kai ir efektyviai spr\u0119sti in\u017einerinius u\u017edavinius, prisidedant prie sri\u010di\u0173 pa\u017eangos ir inovacij\u0173 k\u016brimo.<\/p>\n","protected":false},"excerpt":{"rendered":"<p>M\u016bs\u0173 kolektyve turime \u012fvairi\u0173 sri\u010di\u0173 \u017eini\u0173 ir kompetencij\u0173, kurios leid\u017eia mums giliai ir efektyviai tiriant \u012fvairius in\u017einerinius u\u017edavinius. Mes gebame: M\u016bs\u0173 kolektyvas su \u0161iomis \u012fvairiomis kompetencijomis yra paruo\u0161tas kompleksi\u0161kai ir efektyviai spr\u0119sti in\u017einerinius u\u017edavinius, prisidedant prie sri\u010di\u0173 pa\u017eangos ir inovacij\u0173 k\u016brimo.<\/p>\n","protected":false},"author":1,"featured_media":0,"parent":0,"menu_order":0,"comment_status":"closed","ping_status":"closed","template":"","meta":{"site-sidebar-layout":"default","site-content-layout":"","ast-site-content-layout":"","site-content-style":"default","site-sidebar-style":"default","ast-global-header-display":"","ast-banner-title-visibility":"","ast-main-header-display":"","ast-hfb-above-header-display":"","ast-hfb-below-header-display":"","ast-hfb-mobile-header-display":"","site-post-title":"","ast-breadcrumbs-content":"","ast-featured-img":"","footer-sml-layout":"","theme-transparent-header-meta":"","adv-header-id-meta":"","stick-header-meta":"","header-above-stick-meta":"","header-main-stick-meta":"","header-below-stick-meta":"","astra-migrate-meta-layouts":"default","ast-page-background-enabled":"default","ast-page-background-meta":{"desktop":{"background-color":"var(--ast-global-color-4)","background-image":"","background-repeat":"repeat","background-position":"center center","background-size":"auto","background-attachment":"scroll","background-type":"","background-media":"","overlay-type":"","overlay-color":"","overlay-gradient":""},"tablet":{"background-color":"","background-image":"","background-repeat":"repeat","background-position":"center center","background-size":"auto","background-attachment":"scroll","background-type":"","background-media":"","overlay-type":"","overlay-color":"","overlay-gradient":""},"mobile":{"background-color":"","background-image":"","background-repeat":"repeat","background-position":"center center","background-size":"auto","background-attachment":"scroll","background-type":"","background-media":"","overlay-type":"","overlay-color":"","overlay-gradient":""}},"ast-content-background-meta":{"desktop":{"background-color":"var(--ast-global-color-5)","background-image":"","background-repeat":"repeat","background-position":"center center","background-size":"auto","background-attachment":"scroll","background-type":"","background-media":"","overlay-type":"","overlay-color":"","overlay-gradient":""},"tablet":{"background-color":"var(--ast-global-color-5)","background-image":"","background-repeat":"repeat","background-position":"center center","background-size":"auto","background-attachment":"scroll","background-type":"","background-media":"","overlay-type":"","overlay-color":"","overlay-gradient":""},"mobile":{"background-color":"var(--ast-global-color-5)","background-image":"","background-repeat":"repeat","background-position":"center center","background-size":"auto","background-attachment":"scroll","background-type":"","background-media":"","overlay-type":"","overlay-color":"","overlay-gradient":""}},"footnotes":""},"class_list":["post-181","page","type-page","status-publish","hentry"],"_links":{"self":[{"href":"https:\/\/hpcncc.vilniustech.lt\/index.php?rest_route=\/wp\/v2\/pages\/181","targetHints":{"allow":["GET"]}}],"collection":[{"href":"https:\/\/hpcncc.vilniustech.lt\/index.php?rest_route=\/wp\/v2\/pages"}],"about":[{"href":"https:\/\/hpcncc.vilniustech.lt\/index.php?rest_route=\/wp\/v2\/types\/page"}],"author":[{"embeddable":true,"href":"https:\/\/hpcncc.vilniustech.lt\/index.php?rest_route=\/wp\/v2\/users\/1"}],"replies":[{"embeddable":true,"href":"https:\/\/hpcncc.vilniustech.lt\/index.php?rest_route=%2Fwp%2Fv2%2Fcomments&post=181"}],"version-history":[{"count":1,"href":"https:\/\/hpcncc.vilniustech.lt\/index.php?rest_route=\/wp\/v2\/pages\/181\/revisions"}],"predecessor-version":[{"id":182,"href":"https:\/\/hpcncc.vilniustech.lt\/index.php?rest_route=\/wp\/v2\/pages\/181\/revisions\/182"}],"wp:attachment":[{"href":"https:\/\/hpcncc.vilniustech.lt\/index.php?rest_route=%2Fwp%2Fv2%2Fmedia&parent=181"}],"curies":[{"name":"wp","href":"https:\/\/api.w.org\/{rel}","templated":true}]}}