{"id":176,"date":"2023-12-20T08:31:21","date_gmt":"2023-12-20T08:31:21","guid":{"rendered":"https:\/\/hpcncc.vilniustech.lt\/?page_id=176"},"modified":"2024-10-10T11:08:16","modified_gmt":"2024-10-10T11:08:16","slug":"openfoam-modeliavimas","status":"publish","type":"page","link":"https:\/\/hpcncc.vilniustech.lt\/?page_id=176","title":{"rendered":"OpenFOAM modeliavimas"},"content":{"rendered":"\n<p>OpenFOAM yra atviro kodo C++ kalba para\u0161yta programin\u0117 \u012franga, skirta CFD (Computational Fluid Dynamics) simuliacijoms atlikti. Tai galingas \u012frankis, kuris leid\u017eia in\u017einieriams ir mokslininkams modeliuoti srautus, sraut\u0173 dinamik\u0105, \u0161ilumos perdavim\u0105 ir kitus susijusius fizinius rei\u0161kinius.<\/p>\n\n\n\n<p>Vienas i\u0161 did\u017eiausi\u0173 OpenFOAM privalum\u0173 yra jo lankstumas ir galimyb\u0117 tinkinti kod\u0105, kad jis atitikt\u0173 konkre\u010dius modeliavimo poreikius. Tai suteikia vartotojams pla\u010dias galimybes pritaikyti simuliacijas, prid\u0117ti naujus algoritmus ar modifikacijas, kurios atitikt\u0173 konkre\u010dius tyr\u0117j\u0173 ar in\u017einieri\u0173 poreikius.<\/p>\n\n\n\n<p>OpenFOAM taip pat turi didel\u0119 naudotoj\u0173 bendruomen\u0119, kuri nuolat pl\u0117toja ir gerina \u0161i\u0105 programin\u0119 \u012frang\u0105. Tai rei\u0161kia, kad yra daug dokumentacijos, pavyzd\u017ei\u0173, forum\u0173 ir kitos palaikymo, kurie padeda naujiems naudotojams susipa\u017einti su programa ir i\u0161mokti jos naudoti efektyviai.<\/p>\n\n\n\n<p>Nepaisant \u0161i\u0173 privalum\u0173, OpenFOAM gali b\u016bti i\u0161\u0161\u016bkiu naujiems vartotojams, ypa\u010d tiems, kurie n\u0117ra susipa\u017ein\u0119 su skaitin\u0117s dinamikos simuliacij\u0173 metodais arba programavimu. Vis d\u0117lto, OpenFOAM yra galingas \u012frankis, leid\u017eiantis atlikti sud\u0117tingas sraut\u0173 dinamikos ir \u0161ilumos perdavimo simuliacijas. Tai naudinga in\u017einieriams, mokslininkams ir kitoms sritims, leid\u017eiantiems i\u0161samiai tyrin\u0117ti ir prognozuoti sraut\u0173 elges\u012f \u012fvairiose srityse, tokiuose kaip automobili\u0173 pramon\u0117, energetika, oro ir vandens srautai, bei kitos svarbios sferos.<\/p>\n","protected":false},"excerpt":{"rendered":"<p>OpenFOAM yra atviro kodo C++ kalba para\u0161yta programin\u0117 \u012franga, skirta CFD (Computational Fluid Dynamics) simuliacijoms atlikti. Tai galingas \u012frankis, kuris leid\u017eia in\u017einieriams ir mokslininkams modeliuoti srautus, sraut\u0173 dinamik\u0105, \u0161ilumos perdavim\u0105 ir kitus susijusius fizinius rei\u0161kinius. Vienas i\u0161 did\u017eiausi\u0173 OpenFOAM privalum\u0173 yra jo lankstumas ir galimyb\u0117 tinkinti kod\u0105, kad jis atitikt\u0173 konkre\u010dius modeliavimo poreikius. Tai suteikia &hellip;<\/p>\n<p class=\"read-more\"> <a class=\"\" href=\"https:\/\/hpcncc.vilniustech.lt\/?page_id=176\"> <span class=\"screen-reader-text\">OpenFOAM modeliavimas<\/span> Skaityti daugiau &raquo;<\/a><\/p>\n","protected":false},"author":1,"featured_media":0,"parent":0,"menu_order":0,"comment_status":"closed","ping_status":"closed","template":"","meta":{"site-sidebar-layout":"default","site-content-layout":"","ast-site-content-layout":"","site-content-style":"default","site-sidebar-style":"default","ast-global-header-display":"","ast-banner-title-visibility":"","ast-main-header-display":"","ast-hfb-above-header-display":"","ast-hfb-below-header-display":"","ast-hfb-mobile-header-display":"","site-post-title":"","ast-breadcrumbs-content":"","ast-featured-img":"","footer-sml-layout":"","theme-transparent-header-meta":"","adv-header-id-meta":"","stick-header-meta":"","header-above-stick-meta":"","header-main-stick-meta":"","header-below-stick-meta":"","astra-migrate-meta-layouts":"default","ast-page-background-enabled":"default","ast-page-background-meta":{"desktop":{"background-color":"var(--ast-global-color-4)","background-image":"","background-repeat":"repeat","background-position":"center center","background-size":"auto","background-attachment":"scroll","background-type":"","background-media":"","overlay-type":"","overlay-color":"","overlay-gradient":""},"tablet":{"background-color":"","background-image":"","background-repeat":"repeat","background-position":"center center","background-size":"auto","background-attachment":"scroll","background-type":"","background-media":"","overlay-type":"","overlay-color":"","overlay-gradient":""},"mobile":{"background-color":"","background-image":"","background-repeat":"repeat","background-position":"center center","background-size":"auto","background-attachment":"scroll","background-type":"","background-media":"","overlay-type":"","overlay-color":"","overlay-gradient":""}},"ast-content-background-meta":{"desktop":{"background-color":"var(--ast-global-color-5)","background-image":"","background-repeat":"repeat","background-position":"center center","background-size":"auto","background-attachment":"scroll","background-type":"","background-media":"","overlay-type":"","overlay-color":"","overlay-gradient":""},"tablet":{"background-color":"var(--ast-global-color-5)","background-image":"","background-repeat":"repeat","background-position":"center center","background-size":"auto","background-attachment":"scroll","background-type":"","background-media":"","overlay-type":"","overlay-color":"","overlay-gradient":""},"mobile":{"background-color":"var(--ast-global-color-5)","background-image":"","background-repeat":"repeat","background-position":"center center","background-size":"auto","background-attachment":"scroll","background-type":"","background-media":"","overlay-type":"","overlay-color":"","overlay-gradient":""}},"footnotes":""},"class_list":["post-176","page","type-page","status-publish","hentry"],"_links":{"self":[{"href":"https:\/\/hpcncc.vilniustech.lt\/index.php?rest_route=\/wp\/v2\/pages\/176","targetHints":{"allow":["GET"]}}],"collection":[{"href":"https:\/\/hpcncc.vilniustech.lt\/index.php?rest_route=\/wp\/v2\/pages"}],"about":[{"href":"https:\/\/hpcncc.vilniustech.lt\/index.php?rest_route=\/wp\/v2\/types\/page"}],"author":[{"embeddable":true,"href":"https:\/\/hpcncc.vilniustech.lt\/index.php?rest_route=\/wp\/v2\/users\/1"}],"replies":[{"embeddable":true,"href":"https:\/\/hpcncc.vilniustech.lt\/index.php?rest_route=%2Fwp%2Fv2%2Fcomments&post=176"}],"version-history":[{"count":2,"href":"https:\/\/hpcncc.vilniustech.lt\/index.php?rest_route=\/wp\/v2\/pages\/176\/revisions"}],"predecessor-version":[{"id":232,"href":"https:\/\/hpcncc.vilniustech.lt\/index.php?rest_route=\/wp\/v2\/pages\/176\/revisions\/232"}],"wp:attachment":[{"href":"https:\/\/hpcncc.vilniustech.lt\/index.php?rest_route=%2Fwp%2Fv2%2Fmedia&parent=176"}],"curies":[{"name":"wp","href":"https:\/\/api.w.org\/{rel}","templated":true}]}}