{"id":127,"date":"2023-12-20T06:46:31","date_gmt":"2023-12-20T06:46:31","guid":{"rendered":"https:\/\/hpcncc.vilniustech.lt\/?page_id=127"},"modified":"2023-12-20T06:46:32","modified_gmt":"2023-12-20T06:46:32","slug":"klasteris","status":"publish","type":"page","link":"https:\/\/hpcncc.vilniustech.lt\/?page_id=127","title":{"rendered":"Klasteris"},"content":{"rendered":"\n<p>VGTU klaster\u012f &#8222;Vanagas&#8221; sudaro penki\u0173 tip\u0173 mazgai:&nbsp;<strong>3<\/strong>&nbsp;mazgai su Intel(R) Core(TM) i7-4790 CPU @ 3.60GHz procesoriumi (4 branduoli\u0173),&nbsp;<strong>5<\/strong>&nbsp;mazgai su Intel(R) Core(TM) i7-6700 CPU @ 3.40GHz procesoriumi (4 branduoli\u0173), skai\u010diavimams su&nbsp;<strong>gpu<\/strong>&nbsp;skirti mazgai:&nbsp;<strong>1<\/strong>&nbsp;su Intel(R) Xeon(R) CPU E5-2630 v4 @ 2.20GHz procesoriumi (20 branduoli\u0173) ir Tesla P100 grafine plok\u0161te,&nbsp;<strong>1<\/strong>&nbsp;su Intel(R) Core(TM) i7-4790 CPU @ 3.60GHz procesoriumi (4 branduoli\u0173) ir Quadro K5000 grafine plok\u0161te. Taip pat, tik programinio kodo kompiliavimui ir paleidimui skirtas &#8222;frontend&#8221; mazgas su Intel(R) Core(TM) i7-3770 CPU @ 3.40GHz procesoriumi (4 branduoli\u0173). Visi \u0161ie mazgai yra sujungti \u012f Gigabit Ethernet tinkl\u0105. \u017demiau pateiktos penki\u0173 tip\u0173 mazg\u0173 specifikacijos:<\/p>\n\n\n\n<p><strong>gpu-0-0<\/strong><\/p>\n\n\n\n<ul class=\"wp-block-list\">\n<li>Intel(R) Xeon(R) CPU E5-2630 v4 @ 2.20GHz procesorius (20 branduoli\u0173)<\/li>\n\n\n\n<li>x86_64<\/li>\n\n\n\n<li>Pagal &#8222;Intel Linpack&#8221; test\u0105 procesoriaus grei\u010dio maksimumas: 537.5 Gflop\/s<\/li>\n\n\n\n<li>Tesla P100 PCIe 12GB ir NVS 315 grafin\u0117s plok\u0161t\u0117s<\/li>\n\n\n\n<li>32 GB DDR4 RAM<\/li>\n\n\n\n<li>1 TB HDD SATA<\/li>\n\n\n\n<li>Gigabit Ethernet NIC<\/li>\n<\/ul>\n\n\n\n<p><strong>gpu-0-1<\/strong><\/p>\n\n\n\n<ul class=\"wp-block-list\">\n<li>Intel(R) Core(TM) i7-4790 CPU @ 3.60GHz procesorius (4 branduoli\u0173)<\/li>\n\n\n\n<li>x86_64<\/li>\n\n\n\n<li>Pagal &#8222;Intel Linpack&#8221; test\u0105 procesoriaus grei\u010dio maksimumas: 199.9 Gflop\/s<\/li>\n\n\n\n<li>Quadro K5000 grafin\u0117 plok\u0161t\u0117<\/li>\n\n\n\n<li>32 GB DDR3 RAM<\/li>\n\n\n\n<li>1 TB HDD SATA<\/li>\n\n\n\n<li>Gigabit Ethernet NIC<\/li>\n<\/ul>\n\n\n\n<p><strong>compute-0-[3-7]<\/strong><\/p>\n\n\n\n<ul class=\"wp-block-list\">\n<li>Intel(R) Core(TM) i7-6700 CPU @ 3.40GHz procesorius (4 branduoli\u0173)<\/li>\n\n\n\n<li>x86_64<\/li>\n\n\n\n<li>Pagal &#8222;Intel Linpack&#8221; test\u0105 procesoriaus grei\u010dio maksimumas: 212.8 Gflop\/s<\/li>\n\n\n\n<li>32 GB DDR4 RAM<\/li>\n\n\n\n<li>1 TB HDD SATA<\/li>\n\n\n\n<li>Gigabit Ethernet NIC<\/li>\n<\/ul>\n\n\n\n<p><strong>compute-0-[1-2]<\/strong><\/p>\n\n\n\n<ul class=\"wp-block-list\">\n<li>Intel(R) Core(TM) i7-4790 CPU @ 3.60GHz procesorius (4 branduoli\u0173)<\/li>\n\n\n\n<li>x86_64<\/li>\n\n\n\n<li>Pagal &#8222;Intel Linpack&#8221; test\u0105 procesoriaus grei\u010dio maksimumas: 202 Gflop\/s<\/li>\n\n\n\n<li>32 GB DDR3 RAM<\/li>\n\n\n\n<li>1 TB HDD SATA<\/li>\n\n\n\n<li>Gigabit Ethernet NIC<\/li>\n<\/ul>\n\n\n\n<p><strong>vanagas<\/strong><\/p>\n\n\n\n<ul class=\"wp-block-list\">\n<li>Intel(R) Core(TM) i7-3770 CPU @ 3.40GHz procesorius (4 branduoli\u0173)<\/li>\n\n\n\n<li>x86_64<\/li>\n\n\n\n<li>16 GB DDR3 RAM<\/li>\n\n\n\n<li>1 TB HDD SATA<\/li>\n\n\n\n<li>Gigabit Ethernet NIC<\/li>\n<\/ul>\n","protected":false},"excerpt":{"rendered":"<p>VGTU klaster\u012f &#8222;Vanagas&#8221; sudaro penki\u0173 tip\u0173 mazgai:&nbsp;3&nbsp;mazgai su Intel(R) Core(TM) i7-4790 CPU @ 3.60GHz procesoriumi (4 branduoli\u0173),&nbsp;5&nbsp;mazgai su Intel(R) Core(TM) i7-6700 CPU @ 3.40GHz procesoriumi (4 branduoli\u0173), skai\u010diavimams su&nbsp;gpu&nbsp;skirti mazgai:&nbsp;1&nbsp;su Intel(R) Xeon(R) CPU E5-2630 v4 @ 2.20GHz procesoriumi (20 branduoli\u0173) ir Tesla P100 grafine plok\u0161te,&nbsp;1&nbsp;su Intel(R) Core(TM) i7-4790 CPU @ 3.60GHz procesoriumi (4 branduoli\u0173) ir &hellip;<\/p>\n<p class=\"read-more\"> <a class=\"\" href=\"https:\/\/hpcncc.vilniustech.lt\/?page_id=127\"> <span class=\"screen-reader-text\">Klasteris<\/span> Skaityti daugiau &raquo;<\/a><\/p>\n","protected":false},"author":1,"featured_media":0,"parent":0,"menu_order":0,"comment_status":"closed","ping_status":"closed","template":"","meta":{"site-sidebar-layout":"default","site-content-layout":"","ast-site-content-layout":"","site-content-style":"default","site-sidebar-style":"default","ast-global-header-display":"","ast-banner-title-visibility":"","ast-main-header-display":"","ast-hfb-above-header-display":"","ast-hfb-below-header-display":"","ast-hfb-mobile-header-display":"","site-post-title":"","ast-breadcrumbs-content":"","ast-featured-img":"","footer-sml-layout":"","theme-transparent-header-meta":"","adv-header-id-meta":"","stick-header-meta":"","header-above-stick-meta":"","header-main-stick-meta":"","header-below-stick-meta":"","astra-migrate-meta-layouts":"default","ast-page-background-enabled":"default","ast-page-background-meta":{"desktop":{"background-color":"var(--ast-global-color-4)","background-image":"","background-repeat":"repeat","background-position":"center center","background-size":"auto","background-attachment":"scroll","background-type":"","background-media":"","overlay-type":"","overlay-color":"","overlay-gradient":""},"tablet":{"background-color":"","background-image":"","background-repeat":"repeat","background-position":"center center","background-size":"auto","background-attachment":"scroll","background-type":"","background-media":"","overlay-type":"","overlay-color":"","overlay-gradient":""},"mobile":{"background-color":"","background-image":"","background-repeat":"repeat","background-position":"center center","background-size":"auto","background-attachment":"scroll","background-type":"","background-media":"","overlay-type":"","overlay-color":"","overlay-gradient":""}},"ast-content-background-meta":{"desktop":{"background-color":"var(--ast-global-color-5)","background-image":"","background-repeat":"repeat","background-position":"center center","background-size":"auto","background-attachment":"scroll","background-type":"","background-media":"","overlay-type":"","overlay-color":"","overlay-gradient":""},"tablet":{"background-color":"var(--ast-global-color-5)","background-image":"","background-repeat":"repeat","background-position":"center center","background-size":"auto","background-attachment":"scroll","background-type":"","background-media":"","overlay-type":"","overlay-color":"","overlay-gradient":""},"mobile":{"background-color":"var(--ast-global-color-5)","background-image":"","background-repeat":"repeat","background-position":"center center","background-size":"auto","background-attachment":"scroll","background-type":"","background-media":"","overlay-type":"","overlay-color":"","overlay-gradient":""}},"footnotes":""},"class_list":["post-127","page","type-page","status-publish","hentry"],"_links":{"self":[{"href":"https:\/\/hpcncc.vilniustech.lt\/index.php?rest_route=\/wp\/v2\/pages\/127","targetHints":{"allow":["GET"]}}],"collection":[{"href":"https:\/\/hpcncc.vilniustech.lt\/index.php?rest_route=\/wp\/v2\/pages"}],"about":[{"href":"https:\/\/hpcncc.vilniustech.lt\/index.php?rest_route=\/wp\/v2\/types\/page"}],"author":[{"embeddable":true,"href":"https:\/\/hpcncc.vilniustech.lt\/index.php?rest_route=\/wp\/v2\/users\/1"}],"replies":[{"embeddable":true,"href":"https:\/\/hpcncc.vilniustech.lt\/index.php?rest_route=%2Fwp%2Fv2%2Fcomments&post=127"}],"version-history":[{"count":1,"href":"https:\/\/hpcncc.vilniustech.lt\/index.php?rest_route=\/wp\/v2\/pages\/127\/revisions"}],"predecessor-version":[{"id":128,"href":"https:\/\/hpcncc.vilniustech.lt\/index.php?rest_route=\/wp\/v2\/pages\/127\/revisions\/128"}],"wp:attachment":[{"href":"https:\/\/hpcncc.vilniustech.lt\/index.php?rest_route=%2Fwp%2Fv2%2Fmedia&parent=127"}],"curies":[{"name":"wp","href":"https:\/\/api.w.org\/{rel}","templated":true}]}}