{"id":12,"date":"2023-12-19T10:54:03","date_gmt":"2023-12-19T10:54:03","guid":{"rendered":"https:\/\/hpcncc.vilniustech.lt\/?page_id=12"},"modified":"2024-10-08T08:25:50","modified_gmt":"2024-10-08T08:25:50","slug":"eurocc-2","status":"publish","type":"page","link":"https:\/\/hpcncc.vilniustech.lt\/?page_id=12","title":{"rendered":"EuroCC 2"},"content":{"rendered":"\n<p><\/p>\n\n\n\n<p>EuroCC 2 misija \u2013 efektyviausiu b\u016bdu t\u0119sti nacionalini\u0173 kompetencijos centr\u0173 (NKC) tinklo k\u016brim\u0105 ir vystym\u0105, atsi\u017evelgiant \u012f na\u0161i\u0173j\u0173 skai\u010diavim\u0173 (HPC) poreikio ir naudojimo skirtumus Europoje. Neskaitant nacionalini\u0173 kompetencijos centr\u0173 veiklos valdymo ir steb\u0117senos, pagrindinis projekto u\u017edavinys \u2013 pad\u0117ti nacionaliniams centrams sukurti savo individualias veiklos programas, taikant geriausi\u0173 Europos ir nacionalini\u0173 ekspert\u0173 patirt\u012f. Pagrindinis EuroCC 2 tikslas \u2013 vykdyti geriausi\u0173 praktik\u0173 ir \u017eini\u0173 mainus Europiniame lygyje, skatinant nacionalini\u0173, o tuo pa\u010diu ir visos Europos, galimybi\u0173 pl\u0117tr\u0105.<\/p>\n\n\n\n<figure class=\"wp-block-video\"><video controls src=\"https:\/\/www.eurocc-access.eu\/wp-content\/uploads\/2022\/02\/HLRS_pw_04.mp4\"><\/video><\/figure>\n","protected":false},"excerpt":{"rendered":"<p>EuroCC 2 misija \u2013 efektyviausiu b\u016bdu t\u0119sti nacionalini\u0173 kompetencijos centr\u0173 (NKC) tinklo k\u016brim\u0105 ir vystym\u0105, atsi\u017evelgiant \u012f na\u0161i\u0173j\u0173 skai\u010diavim\u0173 (HPC) poreikio ir naudojimo skirtumus Europoje. Neskaitant nacionalini\u0173 kompetencijos centr\u0173 veiklos valdymo ir steb\u0117senos, pagrindinis projekto u\u017edavinys \u2013 pad\u0117ti nacionaliniams centrams sukurti savo individualias veiklos programas, taikant geriausi\u0173 Europos ir nacionalini\u0173 ekspert\u0173 patirt\u012f. Pagrindinis EuroCC 2 &hellip;<\/p>\n<p class=\"read-more\"> <a class=\"\" href=\"https:\/\/hpcncc.vilniustech.lt\/?page_id=12\"> <span class=\"screen-reader-text\">EuroCC 2<\/span> Skaityti daugiau &raquo;<\/a><\/p>\n","protected":false},"author":1,"featured_media":0,"parent":0,"menu_order":0,"comment_status":"closed","ping_status":"closed","template":"","meta":{"site-sidebar-layout":"default","site-content-layout":"","ast-site-content-layout":"","site-content-style":"default","site-sidebar-style":"default","ast-global-header-display":"","ast-banner-title-visibility":"","ast-main-header-display":"","ast-hfb-above-header-display":"","ast-hfb-below-header-display":"","ast-hfb-mobile-header-display":"","site-post-title":"","ast-breadcrumbs-content":"","ast-featured-img":"","footer-sml-layout":"","theme-transparent-header-meta":"","adv-header-id-meta":"","stick-header-meta":"","header-above-stick-meta":"","header-main-stick-meta":"","header-below-stick-meta":"","astra-migrate-meta-layouts":"default","ast-page-background-enabled":"default","ast-page-background-meta":{"desktop":{"background-color":"var(--ast-global-color-4)","background-image":"","background-repeat":"repeat","background-position":"center center","background-size":"auto","background-attachment":"scroll","background-type":"","background-media":"","overlay-type":"","overlay-color":"","overlay-gradient":""},"tablet":{"background-color":"","background-image":"","background-repeat":"repeat","background-position":"center center","background-size":"auto","background-attachment":"scroll","background-type":"","background-media":"","overlay-type":"","overlay-color":"","overlay-gradient":""},"mobile":{"background-color":"","background-image":"","background-repeat":"repeat","background-position":"center center","background-size":"auto","background-attachment":"scroll","background-type":"","background-media":"","overlay-type":"","overlay-color":"","overlay-gradient":""}},"ast-content-background-meta":{"desktop":{"background-color":"var(--ast-global-color-5)","background-image":"","background-repeat":"repeat","background-position":"center center","background-size":"auto","background-attachment":"scroll","background-type":"","background-media":"","overlay-type":"","overlay-color":"","overlay-gradient":""},"tablet":{"background-color":"var(--ast-global-color-5)","background-image":"","background-repeat":"repeat","background-position":"center center","background-size":"auto","background-attachment":"scroll","background-type":"","background-media":"","overlay-type":"","overlay-color":"","overlay-gradient":""},"mobile":{"background-color":"var(--ast-global-color-5)","background-image":"","background-repeat":"repeat","background-position":"center center","background-size":"auto","background-attachment":"scroll","background-type":"","background-media":"","overlay-type":"","overlay-color":"","overlay-gradient":""}},"footnotes":""},"class_list":["post-12","page","type-page","status-publish","hentry"],"_links":{"self":[{"href":"https:\/\/hpcncc.vilniustech.lt\/index.php?rest_route=\/wp\/v2\/pages\/12","targetHints":{"allow":["GET"]}}],"collection":[{"href":"https:\/\/hpcncc.vilniustech.lt\/index.php?rest_route=\/wp\/v2\/pages"}],"about":[{"href":"https:\/\/hpcncc.vilniustech.lt\/index.php?rest_route=\/wp\/v2\/types\/page"}],"author":[{"embeddable":true,"href":"https:\/\/hpcncc.vilniustech.lt\/index.php?rest_route=\/wp\/v2\/users\/1"}],"replies":[{"embeddable":true,"href":"https:\/\/hpcncc.vilniustech.lt\/index.php?rest_route=%2Fwp%2Fv2%2Fcomments&post=12"}],"version-history":[{"count":5,"href":"https:\/\/hpcncc.vilniustech.lt\/index.php?rest_route=\/wp\/v2\/pages\/12\/revisions"}],"predecessor-version":[{"id":229,"href":"https:\/\/hpcncc.vilniustech.lt\/index.php?rest_route=\/wp\/v2\/pages\/12\/revisions\/229"}],"wp:attachment":[{"href":"https:\/\/hpcncc.vilniustech.lt\/index.php?rest_route=%2Fwp%2Fv2%2Fmedia&parent=12"}],"curies":[{"name":"wp","href":"https:\/\/api.w.org\/{rel}","templated":true}]}}